{"id":17040,"date":"2023-11-15T15:34:52","date_gmt":"2023-11-15T18:34:52","guid":{"rendered":"https:\/\/mulhervitrola.com.br\/blog\/?page_id=17040"},"modified":"2025-01-25T17:44:07","modified_gmt":"2025-01-25T20:44:07","slug":"nem-todo-mundo-sorri-quando-esta-sozinho","status":"publish","type":"page","link":"https:\/\/mulhervitrola.com.br\/blog\/nem-todo-mundo-sorri-quando-esta-sozinho\/","title":{"rendered":"Zine: Nem Todo Mundo Sorri quando Est\u00e1 Sozinho"},"content":{"rendered":"\t\t<div data-elementor-type=\"wp-page\" data-elementor-id=\"17040\" class=\"elementor elementor-17040\" data-elementor-post-type=\"page\">\n\t\t\t\t\t\t<section class=\"elementor-section elementor-top-section elementor-element elementor-element-6e3eac5 elementor-section-boxed elementor-section-height-default elementor-section-height-default\" data-id=\"6e3eac5\" data-element_type=\"section\" data-e-type=\"section\">\n\t\t\t\t\t\t<div class=\"elementor-container elementor-column-gap-default\">\n\t\t\t\t\t<div class=\"elementor-column elementor-col-100 elementor-top-column elementor-element elementor-element-d56d4f3\" data-id=\"d56d4f3\" data-element_type=\"column\" data-e-type=\"column\">\n\t\t\t<div class=\"elementor-widget-wrap elementor-element-populated\">\n\t\t\t\t\t\t<div class=\"elementor-element elementor-element-1a419f2 elementor-widget elementor-widget-text-editor\" data-id=\"1a419f2\" data-element_type=\"widget\" data-e-type=\"widget\" data-widget_type=\"text-editor.default\">\n\t\t\t\t<div class=\"elementor-widget-container\">\n\t\t\t\t\t\t\t\t\t<p>Voc\u00ea certamente j\u00e1 parou para pensar nos detalhes do mundo ao seu redor. Mas e se o mundo fosse feito al\u00e9m dos detalhes poss\u00edveis? Nesta zine, trago pensamentos sobre a vida, personagens imagin\u00e1rios e humor que te roubar\u00e3o menos de 5 minutos. Ser\u00e1 que voc\u00ea voltar\u00e1 a ver as coisas do mesmo jeito depois?\u00a0<\/p>\n<p>Esta p\u00e1gina faz parte do blog <strong><a href=\"https:\/\/mulhervitrola.com\/blog\">Mulher Vitrola.<\/a><\/strong> Confira esta zine exclusiva escrita e ilustrada por Renata Montenegro.\u00a0<span style=\"color: var( --e-global-color-text ); font-family: var( --e-global-typography-text-font-family ), Sans-serif; font-weight: var( --e-global-typography-text-font-weight );\"><br \/><\/span><\/p>\t\t\t\t\t\t\t\t<\/div>\n\t\t\t\t<\/div>\n\t\t\t\t\t<\/div>\n\t\t<\/div>\n\t\t\t\t\t<\/div>\n\t\t<\/section>\n\t\t\t\t<section class=\"elementor-section elementor-top-section elementor-element elementor-element-69ab3fb9 elementor-section-boxed elementor-section-height-default elementor-section-height-default\" data-id=\"69ab3fb9\" data-element_type=\"section\" data-e-type=\"section\">\n\t\t\t\t\t\t<div class=\"elementor-container elementor-column-gap-default\">\n\t\t\t\t\t<div class=\"elementor-column elementor-col-100 elementor-top-column elementor-element elementor-element-35312a2a\" data-id=\"35312a2a\" data-element_type=\"column\" data-e-type=\"column\">\n\t\t\t<div class=\"elementor-widget-wrap elementor-element-populated\">\n\t\t\t\t\t\t<div class=\"elementor-element elementor-element-36b3349a elementor-widget elementor-widget-text-editor\" data-id=\"36b3349a\" data-element_type=\"widget\" data-e-type=\"widget\" data-widget_type=\"text-editor.default\">\n\t\t\t\t<div class=\"elementor-widget-container\">\n\t\t\t\t\t\t\t\t\t<div class=\"wp-block-file\"><object class=\"wp-block-file__embed\" style=\"width: 100%; height: 600px;\" data=\"https:\/\/mulhervitrola.com.br\/blog\/wp-content\/uploads\/2023\/11\/NemTodoMundoSorri_renatamontenegro.pdf\" type=\"application\/pdf\" width=\"300\" height=\"150\" aria-label=\"NemTodoMundoSorri_renatamontenegro\"><\/object><\/div>\n<p><!-- \/wp:file --><!-- wp:paragraph --><\/p>\n<p><!-- \/wp:paragraph --><!-- wp:paragraph --><\/p>\n<p><!-- \/wp:paragraph --><!-- wp:paragraph --><\/p>\n<p><!-- \/wp:paragraph --><\/p>\t\t\t\t\t\t\t\t<\/div>\n\t\t\t\t<\/div>\n\t\t\t\t\t<\/div>\n\t\t<\/div>\n\t\t\t\t\t<\/div>\n\t\t<\/section>\n\t\t\t\t<section class=\"elementor-section elementor-top-section elementor-element elementor-element-d286031 elementor-section-boxed elementor-section-height-default elementor-section-height-default\" data-id=\"d286031\" data-element_type=\"section\" data-e-type=\"section\">\n\t\t\t\t\t\t<div class=\"elementor-container elementor-column-gap-default\">\n\t\t\t\t\t<div class=\"elementor-column elementor-col-100 elementor-top-column elementor-element elementor-element-f609d87\" data-id=\"f609d87\" data-element_type=\"column\" data-e-type=\"column\">\n\t\t\t<div class=\"elementor-widget-wrap elementor-element-populated\">\n\t\t\t\t\t\t<div class=\"elementor-element elementor-element-03c28b4 elementor-widget elementor-widget-text-editor\" data-id=\"03c28b4\" data-element_type=\"widget\" data-e-type=\"widget\" data-widget_type=\"text-editor.default\">\n\t\t\t\t<div class=\"elementor-widget-container\">\n\t\t\t\t\t\t\t\t\t<p><span style=\"color: var( --e-global-color-text ); font-family: var( --e-global-typography-text-font-family ), Sans-serif; font-weight: var( --e-global-typography-text-font-weight );\">Se voc\u00ea prefere baixar no seu computador, celular, Kindle ou tablet, basta clicar no bot\u00e3o abaixo:<\/span><\/p>\t\t\t\t\t\t\t\t<\/div>\n\t\t\t\t<\/div>\n\t\t\t\t\t<\/div>\n\t\t<\/div>\n\t\t\t\t\t<\/div>\n\t\t<\/section>\n\t\t\t\t<section class=\"elementor-section elementor-top-section elementor-element elementor-element-79df149 elementor-section-boxed elementor-section-height-default elementor-section-height-default\" data-id=\"79df149\" data-element_type=\"section\" data-e-type=\"section\">\n\t\t\t\t\t\t<div class=\"elementor-container elementor-column-gap-default\">\n\t\t\t\t\t<div class=\"elementor-column elementor-col-100 elementor-top-column elementor-element elementor-element-b3d6956\" data-id=\"b3d6956\" data-element_type=\"column\" data-e-type=\"column\">\n\t\t\t<div class=\"elementor-widget-wrap elementor-element-populated\">\n\t\t\t\t\t\t\t<\/div>\n\t\t<\/div>\n\t\t\t\t\t<\/div>\n\t\t<\/section>\n\t\t\t\t<section class=\"elementor-section elementor-top-section elementor-element elementor-element-ec667d3 elementor-section-boxed elementor-section-height-default elementor-section-height-default\" data-id=\"ec667d3\" data-element_type=\"section\" data-e-type=\"section\">\n\t\t\t\t\t\t<div class=\"elementor-container elementor-column-gap-default\">\n\t\t\t\t\t<div class=\"elementor-column elementor-col-100 elementor-top-column elementor-element elementor-element-7c515f0\" data-id=\"7c515f0\" data-element_type=\"column\" data-e-type=\"column\">\n\t\t\t<div class=\"elementor-widget-wrap elementor-element-populated\">\n\t\t\t\t\t\t<div class=\"elementor-element elementor-element-2334fb9 elementor-align-center elementor-invisible elementor-widget elementor-widget-button\" data-id=\"2334fb9\" data-element_type=\"widget\" data-e-type=\"widget\" data-settings=\"{&quot;_animation&quot;:&quot;fadeIn&quot;}\" data-widget_type=\"button.default\">\n\t\t\t\t<div class=\"elementor-widget-container\">\n\t\t\t\t\t\t\t\t\t<div class=\"elementor-button-wrapper\">\n\t\t\t\t\t<a class=\"elementor-button elementor-button-link elementor-size-sm\" href=\"\">\n\t\t\t\t\t\t<span class=\"elementor-button-content-wrapper\">\n\t\t\t\t\t\t\t\t\t<span class=\"elementor-button-text\">CLIQUE AQUI PARA BAIXAR O ZINE<\/span>\n\t\t\t\t\t<\/span>\n\t\t\t\t\t<\/a>\n\t\t\t\t<\/div>\n\t\t\t\t\t\t\t\t<\/div>\n\t\t\t\t<\/div>\n\t\t\t\t\t<\/div>\n\t\t<\/div>\n\t\t\t\t\t<\/div>\n\t\t<\/section>\n\t\t\t\t<section class=\"elementor-section elementor-top-section elementor-element elementor-element-75ed95b elementor-section-boxed elementor-section-height-default elementor-section-height-default\" data-id=\"75ed95b\" data-element_type=\"section\" data-e-type=\"section\">\n\t\t\t\t\t\t<div class=\"elementor-container elementor-column-gap-default\">\n\t\t\t\t\t<div class=\"elementor-column elementor-col-100 elementor-top-column elementor-element elementor-element-5413f7a\" data-id=\"5413f7a\" data-element_type=\"column\" data-e-type=\"column\">\n\t\t\t<div class=\"elementor-widget-wrap elementor-element-populated\">\n\t\t\t\t\t\t<div class=\"elementor-element elementor-element-7ec7a4c elementor-widget elementor-widget-spacer\" data-id=\"7ec7a4c\" data-element_type=\"widget\" data-e-type=\"widget\" data-widget_type=\"spacer.default\">\n\t\t\t\t<div class=\"elementor-widget-container\">\n\t\t\t\t\t\t\t<div class=\"elementor-spacer\">\n\t\t\t<div class=\"elementor-spacer-inner\"><\/div>\n\t\t<\/div>\n\t\t\t\t\t\t<\/div>\n\t\t\t\t<\/div>\n\t\t\t\t\t<\/div>\n\t\t<\/div>\n\t\t\t\t\t<\/div>\n\t\t<\/section>\n\t\t\t\t<section class=\"elementor-section elementor-top-section elementor-element elementor-element-c525ac4 elementor-section-boxed elementor-section-height-default elementor-section-height-default\" data-id=\"c525ac4\" data-element_type=\"section\" data-e-type=\"section\">\n\t\t\t\t\t\t<div class=\"elementor-container elementor-column-gap-default\">\n\t\t\t\t\t<div class=\"elementor-column elementor-col-100 elementor-top-column elementor-element elementor-element-bce8257\" data-id=\"bce8257\" data-element_type=\"column\" data-e-type=\"column\">\n\t\t\t<div class=\"elementor-widget-wrap elementor-element-populated\">\n\t\t\t\t\t\t<div class=\"elementor-element elementor-element-67e517e elementor-widget elementor-widget-heading\" data-id=\"67e517e\" data-element_type=\"widget\" data-e-type=\"widget\" data-widget_type=\"heading.default\">\n\t\t\t\t<div class=\"elementor-widget-container\">\n\t\t\t\t\t<h4 class=\"elementor-heading-title elementor-size-default\">AVISO LEGAL SOBRE ESTE ZINE:<\/h4>\t\t\t\t<\/div>\n\t\t\t\t<\/div>\n\t\t\t\t\t<\/div>\n\t\t<\/div>\n\t\t\t\t\t<\/div>\n\t\t<\/section>\n\t\t\t\t<section class=\"elementor-section elementor-top-section elementor-element elementor-element-44acdec elementor-section-boxed elementor-section-height-default elementor-section-height-default\" data-id=\"44acdec\" data-element_type=\"section\" data-e-type=\"section\">\n\t\t\t\t\t\t<div class=\"elementor-container elementor-column-gap-default\">\n\t\t\t\t\t<div class=\"elementor-column elementor-col-100 elementor-top-column elementor-element elementor-element-28fda39\" data-id=\"28fda39\" data-element_type=\"column\" data-e-type=\"column\">\n\t\t\t<div class=\"elementor-widget-wrap elementor-element-populated\">\n\t\t\t\t\t\t<div class=\"elementor-element elementor-element-c318028 elementor-widget elementor-widget-text-editor\" data-id=\"c318028\" data-element_type=\"widget\" data-e-type=\"widget\" data-widget_type=\"text-editor.default\">\n\t\t\t\t<div class=\"elementor-widget-container\">\n\t\t\t\t\t\t\t\t\t<p>A reprodu\u00e7\u00e3o de uma obra sem a autoriza\u00e7\u00e3o do autor ou propriet\u00e1rio \u00e9 proibida e constitui um crime.\u00a0Essa viola\u00e7\u00e3o \u00e9 chamada de contrafa\u00e7\u00e3o ou pl\u00e1gio.\u00a0<\/p>\n<p>A Lei de Direitos Autorais (Lei n\u00ba 9.610\/98) protege as obras originais, como m\u00fasicas, v\u00eddeos, imagens, textos, desenhos, ilustra\u00e7\u00f5es, programas de computador, bases de dados, entre outras.\u00a0<\/p>\n<p>A pena para a viola\u00e7\u00e3o dos direitos autorais pode ser deten\u00e7\u00e3o ou reclus\u00e3o, al\u00e9m de multa.\u00a0<\/p>\t\t\t\t\t\t\t\t<\/div>\n\t\t\t\t<\/div>\n\t\t\t\t\t<\/div>\n\t\t<\/div>\n\t\t\t\t\t<\/div>\n\t\t<\/section>\n\t\t\t\t<\/div>\n\t\t","protected":false},"excerpt":{"rendered":"<p>Voc\u00ea certamente j\u00e1 parou para pensar nos detalhes do mundo ao seu redor. Mas e se o mundo fosse feito al\u00e9m dos detalhes poss\u00edveis? Nesta zine, trago pensamentos sobre a vida, personagens imagin\u00e1rios e humor que te roubar\u00e3o menos de 5 minutos. Ser\u00e1 que voc\u00ea voltar\u00e1 a ver as coisas do mesmo jeito depois?\u00a0 Esta&#8230;<a class=\"btnReadMore\" href=\"https:\/\/mulhervitrola.com.br\/blog\/nem-todo-mundo-sorri-quando-esta-sozinho\/\">Leia mais<i class=\"fa fa-long-arrow-right\"><\/i><\/a><\/p>\n","protected":false},"author":1,"featured_media":0,"parent":0,"menu_order":0,"comment_status":"open","ping_status":"closed","template":"","meta":{"_uf_show_specific_survey":0,"_uf_disable_surveys":false,"jetpack_post_was_ever_published":false,"footnotes":""},"class_list":["post-17040","page","type-page","status-publish","hentry"],"yoast_head":"<!-- This site is optimized with the Yoast SEO plugin v26.7 - https:\/\/yoast.com\/wordpress\/plugins\/seo\/ -->\n<title>Zine: Nem Todo Mundo Sorri quando Est\u00e1 Sozinho | Blog da Mulher Vitrola<\/title>\n<meta name=\"robots\" content=\"index, follow, max-snippet:-1, max-image-preview:large, max-video-preview:-1\" \/>\n<link rel=\"canonical\" href=\"https:\/\/mulhervitrola.com.br\/blog\/nem-todo-mundo-sorri-quando-esta-sozinho\/\" \/>\n<meta property=\"og:locale\" content=\"pt_BR\" \/>\n<meta property=\"og:type\" content=\"article\" \/>\n<meta property=\"og:title\" content=\"Zine: Nem Todo Mundo Sorri quando Est\u00e1 Sozinho | Blog da Mulher Vitrola\" \/>\n<meta property=\"og:description\" content=\"Voc\u00ea certamente j\u00e1 parou para pensar nos detalhes do mundo ao seu redor. Mas e se o mundo fosse feito al\u00e9m dos detalhes poss\u00edveis? Nesta zine, trago pensamentos sobre a vida, personagens imagin\u00e1rios e humor que te roubar\u00e3o menos de 5 minutos. Ser\u00e1 que voc\u00ea voltar\u00e1 a ver as coisas do mesmo jeito depois?\u00a0 Esta...Leia mais\" \/>\n<meta property=\"og:url\" content=\"https:\/\/mulhervitrola.com.br\/blog\/nem-todo-mundo-sorri-quando-esta-sozinho\/\" \/>\n<meta property=\"og:site_name\" content=\"Blog da Mulher Vitrola\" \/>\n<meta property=\"article:modified_time\" content=\"2025-01-25T20:44:07+00:00\" \/>\n<meta property=\"og:image\" content=\"https:\/\/mulhervitrola.com.br\/blog\/wp-content\/uploads\/2020\/04\/11-620x620.jpg\" \/>\n\t<meta property=\"og:image:width\" content=\"620\" \/>\n\t<meta property=\"og:image:height\" content=\"620\" \/>\n\t<meta property=\"og:image:type\" content=\"image\/jpeg\" \/>\n<meta name=\"twitter:card\" content=\"summary_large_image\" \/>\n<meta name=\"twitter:site\" content=\"@mulhervitrola\" \/>\n<meta name=\"twitter:label1\" content=\"Est. tempo de leitura\" \/>\n\t<meta name=\"twitter:data1\" content=\"1 minuto\" \/>\n<script type=\"application\/ld+json\" class=\"yoast-schema-graph\">{\"@context\":\"https:\/\/schema.org\",\"@graph\":[{\"@type\":\"WebPage\",\"@id\":\"https:\/\/mulhervitrola.com.br\/blog\/nem-todo-mundo-sorri-quando-esta-sozinho\/\",\"url\":\"https:\/\/mulhervitrola.com.br\/blog\/nem-todo-mundo-sorri-quando-esta-sozinho\/\",\"name\":\"Zine: Nem Todo Mundo Sorri quando Est\u00e1 Sozinho | Blog da Mulher Vitrola\",\"isPartOf\":{\"@id\":\"https:\/\/mulhervitrola.com.br\/blog\/#website\"},\"datePublished\":\"2023-11-15T18:34:52+00:00\",\"dateModified\":\"2025-01-25T20:44:07+00:00\",\"breadcrumb\":{\"@id\":\"https:\/\/mulhervitrola.com.br\/blog\/nem-todo-mundo-sorri-quando-esta-sozinho\/#breadcrumb\"},\"inLanguage\":\"pt-BR\",\"potentialAction\":[{\"@type\":\"ReadAction\",\"target\":[\"https:\/\/mulhervitrola.com.br\/blog\/nem-todo-mundo-sorri-quando-esta-sozinho\/\"]}]},{\"@type\":\"BreadcrumbList\",\"@id\":\"https:\/\/mulhervitrola.com.br\/blog\/nem-todo-mundo-sorri-quando-esta-sozinho\/#breadcrumb\",\"itemListElement\":[{\"@type\":\"ListItem\",\"position\":1,\"name\":\"In\u00edcio\",\"item\":\"https:\/\/mulhervitrola.com.br\/blog\/\"},{\"@type\":\"ListItem\",\"position\":2,\"name\":\"Zine: Nem Todo Mundo Sorri quando Est\u00e1 Sozinho\"}]},{\"@type\":\"WebSite\",\"@id\":\"https:\/\/mulhervitrola.com.br\/blog\/#website\",\"url\":\"https:\/\/mulhervitrola.com.br\/blog\/\",\"name\":\"Blog da Mulher Vitrola\",\"description\":\"por Re Montenegro\",\"publisher\":{\"@id\":\"https:\/\/mulhervitrola.com.br\/blog\/#\/schema\/person\/df88e61e635561444a7aca4ca394ed85\"},\"potentialAction\":[{\"@type\":\"SearchAction\",\"target\":{\"@type\":\"EntryPoint\",\"urlTemplate\":\"https:\/\/mulhervitrola.com.br\/blog\/?s={search_term_string}\"},\"query-input\":{\"@type\":\"PropertyValueSpecification\",\"valueRequired\":true,\"valueName\":\"search_term_string\"}}],\"inLanguage\":\"pt-BR\"},{\"@type\":[\"Person\",\"Organization\"],\"@id\":\"https:\/\/mulhervitrola.com.br\/blog\/#\/schema\/person\/df88e61e635561444a7aca4ca394ed85\",\"name\":\"mulhervitrola\",\"image\":{\"@type\":\"ImageObject\",\"inLanguage\":\"pt-BR\",\"@id\":\"https:\/\/mulhervitrola.com.br\/blog\/#\/schema\/person\/image\/\",\"url\":\"https:\/\/i0.wp.com\/mulhervitrola.com.br\/wp-content\/uploads\/2020\/05\/DSC_0200-scaled.jpg?fit=2560%2C1702&ssl=1\",\"contentUrl\":\"https:\/\/i0.wp.com\/mulhervitrola.com.br\/wp-content\/uploads\/2020\/05\/DSC_0200-scaled.jpg?fit=2560%2C1702&ssl=1\",\"width\":2560,\"height\":1702,\"caption\":\"mulhervitrola\"},\"logo\":{\"@id\":\"https:\/\/mulhervitrola.com.br\/blog\/#\/schema\/person\/image\/\"},\"sameAs\":[\"mulhervitrola\"]}]}<\/script>\n<!-- \/ Yoast SEO plugin. -->","yoast_head_json":{"title":"Zine: Nem Todo Mundo Sorri quando Est\u00e1 Sozinho | Blog da Mulher Vitrola","robots":{"index":"index","follow":"follow","max-snippet":"max-snippet:-1","max-image-preview":"max-image-preview:large","max-video-preview":"max-video-preview:-1"},"canonical":"https:\/\/mulhervitrola.com.br\/blog\/nem-todo-mundo-sorri-quando-esta-sozinho\/","og_locale":"pt_BR","og_type":"article","og_title":"Zine: Nem Todo Mundo Sorri quando Est\u00e1 Sozinho | Blog da Mulher Vitrola","og_description":"Voc\u00ea certamente j\u00e1 parou para pensar nos detalhes do mundo ao seu redor. Mas e se o mundo fosse feito al\u00e9m dos detalhes poss\u00edveis? Nesta zine, trago pensamentos sobre a vida, personagens imagin\u00e1rios e humor que te roubar\u00e3o menos de 5 minutos. Ser\u00e1 que voc\u00ea voltar\u00e1 a ver as coisas do mesmo jeito depois?\u00a0 Esta...Leia mais","og_url":"https:\/\/mulhervitrola.com.br\/blog\/nem-todo-mundo-sorri-quando-esta-sozinho\/","og_site_name":"Blog da Mulher Vitrola","article_modified_time":"2025-01-25T20:44:07+00:00","og_image":[{"width":620,"height":620,"url":"https:\/\/mulhervitrola.com.br\/blog\/wp-content\/uploads\/2020\/04\/11-620x620.jpg","type":"image\/jpeg"}],"twitter_card":"summary_large_image","twitter_site":"@mulhervitrola","twitter_misc":{"Est. tempo de leitura":"1 minuto"},"schema":{"@context":"https:\/\/schema.org","@graph":[{"@type":"WebPage","@id":"https:\/\/mulhervitrola.com.br\/blog\/nem-todo-mundo-sorri-quando-esta-sozinho\/","url":"https:\/\/mulhervitrola.com.br\/blog\/nem-todo-mundo-sorri-quando-esta-sozinho\/","name":"Zine: Nem Todo Mundo Sorri quando Est\u00e1 Sozinho | Blog da Mulher Vitrola","isPartOf":{"@id":"https:\/\/mulhervitrola.com.br\/blog\/#website"},"datePublished":"2023-11-15T18:34:52+00:00","dateModified":"2025-01-25T20:44:07+00:00","breadcrumb":{"@id":"https:\/\/mulhervitrola.com.br\/blog\/nem-todo-mundo-sorri-quando-esta-sozinho\/#breadcrumb"},"inLanguage":"pt-BR","potentialAction":[{"@type":"ReadAction","target":["https:\/\/mulhervitrola.com.br\/blog\/nem-todo-mundo-sorri-quando-esta-sozinho\/"]}]},{"@type":"BreadcrumbList","@id":"https:\/\/mulhervitrola.com.br\/blog\/nem-todo-mundo-sorri-quando-esta-sozinho\/#breadcrumb","itemListElement":[{"@type":"ListItem","position":1,"name":"In\u00edcio","item":"https:\/\/mulhervitrola.com.br\/blog\/"},{"@type":"ListItem","position":2,"name":"Zine: Nem Todo Mundo Sorri quando Est\u00e1 Sozinho"}]},{"@type":"WebSite","@id":"https:\/\/mulhervitrola.com.br\/blog\/#website","url":"https:\/\/mulhervitrola.com.br\/blog\/","name":"Blog da Mulher Vitrola","description":"por Re Montenegro","publisher":{"@id":"https:\/\/mulhervitrola.com.br\/blog\/#\/schema\/person\/df88e61e635561444a7aca4ca394ed85"},"potentialAction":[{"@type":"SearchAction","target":{"@type":"EntryPoint","urlTemplate":"https:\/\/mulhervitrola.com.br\/blog\/?s={search_term_string}"},"query-input":{"@type":"PropertyValueSpecification","valueRequired":true,"valueName":"search_term_string"}}],"inLanguage":"pt-BR"},{"@type":["Person","Organization"],"@id":"https:\/\/mulhervitrola.com.br\/blog\/#\/schema\/person\/df88e61e635561444a7aca4ca394ed85","name":"mulhervitrola","image":{"@type":"ImageObject","inLanguage":"pt-BR","@id":"https:\/\/mulhervitrola.com.br\/blog\/#\/schema\/person\/image\/","url":"https:\/\/i0.wp.com\/mulhervitrola.com.br\/wp-content\/uploads\/2020\/05\/DSC_0200-scaled.jpg?fit=2560%2C1702&ssl=1","contentUrl":"https:\/\/i0.wp.com\/mulhervitrola.com.br\/wp-content\/uploads\/2020\/05\/DSC_0200-scaled.jpg?fit=2560%2C1702&ssl=1","width":2560,"height":1702,"caption":"mulhervitrola"},"logo":{"@id":"https:\/\/mulhervitrola.com.br\/blog\/#\/schema\/person\/image\/"},"sameAs":["mulhervitrola"]}]}},"jetpack_sharing_enabled":true,"jetpack_shortlink":"https:\/\/wp.me\/P3GuHo-4qQ","jetpack-related-posts":[{"id":13666,"url":"https:\/\/mulhervitrola.com.br\/blog\/criando-com-empatia-livro\/","url_meta":{"origin":17040,"position":0},"title":"Livro Criando com Empatia","author":"mulhervitrola","date":"15 de janeiro de 2021","format":false,"excerpt":"SAIBA MAIS SOBRE O CRIANDO COM EMPATIA Um dos projetos mais importantes da minha vida dispon\u00edvel nos maiores canais de venda do Brasil: o Livro Criando com Empatia, escrito pela Bia Lombardi e ilustrado por mim.Tenho muito orgulho deste projeto e ele foi realizado com muito carinho e dedica\u00e7\u00e3o. O\u2026","rel":"","context":"Post similar","block_context":{"text":"Post similar","link":""},"img":{"alt_text":"","src":"https:\/\/i0.wp.com\/mulhervitrola.com.br\/blog\/wp-content\/uploads\/2021\/01\/DSC_0595-2-scaled.jpg?fit=1200%2C798&ssl=1&resize=350%2C200","width":350,"height":200,"srcset":"https:\/\/i0.wp.com\/mulhervitrola.com.br\/blog\/wp-content\/uploads\/2021\/01\/DSC_0595-2-scaled.jpg?fit=1200%2C798&ssl=1&resize=350%2C200 1x, https:\/\/i0.wp.com\/mulhervitrola.com.br\/blog\/wp-content\/uploads\/2021\/01\/DSC_0595-2-scaled.jpg?fit=1200%2C798&ssl=1&resize=525%2C300 1.5x, https:\/\/i0.wp.com\/mulhervitrola.com.br\/blog\/wp-content\/uploads\/2021\/01\/DSC_0595-2-scaled.jpg?fit=1200%2C798&ssl=1&resize=700%2C400 2x, https:\/\/i0.wp.com\/mulhervitrola.com.br\/blog\/wp-content\/uploads\/2021\/01\/DSC_0595-2-scaled.jpg?fit=1200%2C798&ssl=1&resize=1050%2C600 3x"},"classes":[]},{"id":17827,"url":"https:\/\/mulhervitrola.com.br\/blog\/paginas-amarelinhas-em-construcao\/","url_meta":{"origin":17040,"position":1},"title":"P\u00e1ginas Amarelinhas (em constru\u00e7\u00e3o)","author":"mulhervitrola","date":"25 de agosto de 2025","format":false,"excerpt":"Esta p\u00e1gina foi criada com intuito de divulgar servi\u00e7os dos quais j\u00e1 consumi ou que eu indico.Se o seu contato estiver aqui e desejar fazer alguma altera\u00e7\u00e3o no link, entre em contato comigo.Se deseja me indicar algum servi\u00e7o, me envie seu contato, falando um pouco de voc\u00ea e do seu\u2026","rel":"","context":"Post similar","block_context":{"text":"Post similar","link":""},"img":{"alt_text":"","src":"","width":0,"height":0},"classes":[]},{"id":985,"url":"https:\/\/mulhervitrola.com.br\/blog\/sobre-a-vitrola\/","url_meta":{"origin":17040,"position":2},"title":"Quem \u00e9 Vitrola?","author":"mulhervitrola","date":"4 de abril de 2013","format":false,"excerpt":"Meu nome \u00e9 Renata, tenho 38 anos, sou m\u00e3e do Pedro, de 18 anos e tamb\u00e9m do Joaquim, uma crian\u00e7a que encerrou sua trajet\u00f3ria no mundo em janeiro de 2012 ao 6 meses ap\u00f3s o nascimento. Sou ilustradora, designer e escritora. Atualmente, resido em\u00a0Duque de Caxias, Baixada Fluminense do\u00a0 RJ,\u2026","rel":"","context":"Com 4 coment\u00e1rios","block_context":{"text":"Com 4 coment\u00e1rios","link":"https:\/\/mulhervitrola.com.br\/blog\/sobre-a-vitrola\/#comments"},"img":{"alt_text":"","src":"https:\/\/i0.wp.com\/mulhervitrola.com.br\/blog\/wp-content\/uploads\/2023\/04\/Ativo-1.png?resize=350%2C200&ssl=1","width":350,"height":200,"srcset":"https:\/\/i0.wp.com\/mulhervitrola.com.br\/blog\/wp-content\/uploads\/2023\/04\/Ativo-1.png?resize=350%2C200&ssl=1 1x, https:\/\/i0.wp.com\/mulhervitrola.com.br\/blog\/wp-content\/uploads\/2023\/04\/Ativo-1.png?resize=525%2C300&ssl=1 1.5x, https:\/\/i0.wp.com\/mulhervitrola.com.br\/blog\/wp-content\/uploads\/2023\/04\/Ativo-1.png?resize=700%2C400&ssl=1 2x, https:\/\/i0.wp.com\/mulhervitrola.com.br\/blog\/wp-content\/uploads\/2023\/04\/Ativo-1.png?resize=1050%2C600&ssl=1 3x, https:\/\/i0.wp.com\/mulhervitrola.com.br\/blog\/wp-content\/uploads\/2023\/04\/Ativo-1.png?resize=1400%2C800&ssl=1 4x"},"classes":[]}],"jetpack_likes_enabled":true,"_links":{"self":[{"href":"https:\/\/mulhervitrola.com.br\/blog\/wp-json\/wp\/v2\/pages\/17040","targetHints":{"allow":["GET"]}}],"collection":[{"href":"https:\/\/mulhervitrola.com.br\/blog\/wp-json\/wp\/v2\/pages"}],"about":[{"href":"https:\/\/mulhervitrola.com.br\/blog\/wp-json\/wp\/v2\/types\/page"}],"author":[{"embeddable":true,"href":"https:\/\/mulhervitrola.com.br\/blog\/wp-json\/wp\/v2\/users\/1"}],"replies":[{"embeddable":true,"href":"https:\/\/mulhervitrola.com.br\/blog\/wp-json\/wp\/v2\/comments?post=17040"}],"version-history":[{"count":13,"href":"https:\/\/mulhervitrola.com.br\/blog\/wp-json\/wp\/v2\/pages\/17040\/revisions"}],"predecessor-version":[{"id":17451,"href":"https:\/\/mulhervitrola.com.br\/blog\/wp-json\/wp\/v2\/pages\/17040\/revisions\/17451"}],"wp:attachment":[{"href":"https:\/\/mulhervitrola.com.br\/blog\/wp-json\/wp\/v2\/media?parent=17040"}],"curies":[{"name":"wp","href":"https:\/\/api.w.org\/{rel}","templated":true}]}}