{"id":985,"date":"2013-04-04T04:07:01","date_gmt":"2013-04-04T07:07:01","guid":{"rendered":"http:\/\/mulhervitrola.com.br\/?page_id=985"},"modified":"2023-07-22T12:42:59","modified_gmt":"2023-07-22T15:42:59","slug":"sobre-a-vitrola","status":"publish","type":"page","link":"https:\/\/mulhervitrola.com.br\/blog\/sobre-a-vitrola\/","title":{"rendered":"Quem \u00e9 Vitrola?"},"content":{"rendered":"\n<figure class=\"wp-block-image size-medium is-style-rounded\"><img data-recalc-dims=\"1\" fetchpriority=\"high\" decoding=\"async\" width=\"202\" height=\"300\" src=\"https:\/\/i0.wp.com\/mulhervitrola.com.br\/blog\/wp-content\/uploads\/2023\/04\/Ativo-1.png?resize=202%2C300&#038;ssl=1\" alt=\"\" class=\"wp-image-16819\" srcset=\"https:\/\/i0.wp.com\/mulhervitrola.com.br\/blog\/wp-content\/uploads\/2023\/04\/Ativo-1.png?resize=202%2C300&amp;ssl=1 202w, https:\/\/i0.wp.com\/mulhervitrola.com.br\/blog\/wp-content\/uploads\/2023\/04\/Ativo-1.png?resize=620%2C923&amp;ssl=1 620w, https:\/\/i0.wp.com\/mulhervitrola.com.br\/blog\/wp-content\/uploads\/2023\/04\/Ativo-1.png?resize=768%2C1143&amp;ssl=1 768w, https:\/\/i0.wp.com\/mulhervitrola.com.br\/blog\/wp-content\/uploads\/2023\/04\/Ativo-1.png?resize=1032%2C1536&amp;ssl=1 1032w, https:\/\/i0.wp.com\/mulhervitrola.com.br\/blog\/wp-content\/uploads\/2023\/04\/Ativo-1.png?resize=1376%2C2048&amp;ssl=1 1376w\" sizes=\"(max-width: 202px) 100vw, 202px\" \/><\/figure>\n\n\n\n<p class=\"has-text-align-justify\"><span style=\"line-height: 16px;\">Meu nome \u00e9 <strong>Renata<\/strong>, tenho 38 anos, sou m\u00e3e do <strong>Pedro<\/strong>, de 18 anos e tamb\u00e9m  do <strong>Joaquim<\/strong>, uma crian\u00e7a que encerrou sua trajet\u00f3ria no mundo em janeiro de 2012 ao 6 meses ap\u00f3s o nascimento.<\/span> Sou ilustradora, designer e escritora.<\/p>\n\n\n\n<p class=\"has-text-align-justify\">Atualmente, resido em\u00a0<strong>Duque de Caxias, Baixada Fluminense do\u00a0 RJ<\/strong>, minha cidade natal, junto do meu marido Lohan e 6 gatinhas: Mary, Mimi, Molly, Jaguatirica, Belinha e Lila. E tamb\u00e9m dois dogs: L\u00e9o e Sarah.<\/p>\n\n\n\n<p>Sempre gostei de compartilhar minhas experi\u00eancias, que inicialmente, registravam apenas p\u00e1ginas de um di\u00e1rio com recortes de revistas Capricho, Querida e Car\u00edcia. Aqui no blog me transbordo t\u00e3o quanto, pois atrav\u00e9s dele tive a oportunidade de conhecer pessoas incr\u00edveis e de estar em lugares que nunca um dia imaginei estar. <\/p>\n\n\n\n<p class=\"has-text-align-justify\">Al\u00e9m disso, tamb\u00e9m me aventurei como escritora na sess\u00e3o <strong>Tudo de Blog<\/strong> da Revista <strong>Capricho<\/strong>, fui colunista no blog <strong>Ilhabela Queens<\/strong> da Grendene e criadora dos projetos <strong>Volta, Mundo Blogueiro!<\/strong> e <strong>Red Lips Day<\/strong>. Tamb\u00e9m participei do reality show <strong>Liga das Blogueiras<\/strong>, um quadro do programa<strong> Chega Mais! <\/strong>patrocinado pela <strong>Seda<\/strong> na <strong>Rede TV<\/strong>!. Al\u00e9m disso, sou ilustradora do livro <strong>Criando com Empatia<\/strong>, um livro escrito pela <strong>Bia Lombardi<\/strong>, hoje em dia publicado pela <strong>Editora Senac<\/strong>.<\/p>\n\n\n\n<p><\/p>\n\n\n\n<h1 class=\"wp-block-heading\"><span style=\"text-decoration: underline; color: #f2546d;\"><strong>Como tudo come\u00e7ou?<\/strong><\/span><\/h1>\n\n\n\n<p class=\"has-text-align-justify\">Meu primeiro blog surgiu quando fiquei gr\u00e1vida do meu filho <strong>Pedro<\/strong>, em 2004. O criei inicialmente para desabafos maternos acerca da gravidez, que \u00a0era uma experi\u00eancia nova &#8211; e muito solit\u00e1ria &#8211; para mim. O blog se chamava <strong>&#8220;Mom\u00f4 de Nenem&#8221;<\/strong>(ok, era um nome piegas, eu admito) e foi criado no <strong>Terra<\/strong>. Mais adiante eu criei o <strong>Smack<\/strong>, que foi quando comecei a me aventurar no <strong>Photoshop<\/strong> (na \u00e9poca, era a vers\u00e3o 7 do Photoshop, rs). O blog foi criado no WordPress e era hospedado no <strong>Freehostia<\/strong>. Depois ganhei uma hospedagem da Fl\u00e1, do blog <strong>Causas e Efeitos<\/strong> (<s>que n\u00e3o sei por onde anda a Fl\u00e1&#8230; perdi contato<\/s> eu a encontrei no Intsgram!). O <strong>Smack<\/strong> era assim:<\/p>\n\n\n<div class=\"wp-block-image\">\n<figure class=\"aligncenter\"><img data-recalc-dims=\"1\" decoding=\"async\" width=\"400\" height=\"176\" src=\"https:\/\/i0.wp.com\/mulhervitrola.com.br\/wp-content\/uploads\/2013\/04\/header-3.png?resize=400%2C176\" alt=\"header-3\" class=\"wp-image-1612\" srcset=\"https:\/\/i0.wp.com\/mulhervitrola.com.br\/blog\/wp-content\/uploads\/2013\/04\/header-3.png?w=400&amp;ssl=1 400w, https:\/\/i0.wp.com\/mulhervitrola.com.br\/blog\/wp-content\/uploads\/2013\/04\/header-3.png?resize=300%2C132&amp;ssl=1 300w, https:\/\/i0.wp.com\/mulhervitrola.com.br\/blog\/wp-content\/uploads\/2013\/04\/header-3.png?resize=150%2C66&amp;ssl=1 150w\" sizes=\"(max-width: 400px) 100vw, 400px\" \/><\/figure>\n<\/div>\n\n\n<p class=\"has-text-align-justify\">Em 2007 eu criei o Mulher Vitrola, inicialmente no <strong>Blogspot<\/strong> e depois <strong>mulhervitrola.com, <\/strong>para WordPress, e ele nasceu assim:<\/p>\n\n\n<div class=\"wp-block-image\">\n<figure class=\"aligncenter\"><img data-recalc-dims=\"1\" decoding=\"async\" width=\"400\" height=\"300\" src=\"https:\/\/i0.wp.com\/mulhervitrola.com.br\/wp-content\/uploads\/2013\/04\/theme-1.jpg?resize=400%2C300\" alt=\"theme-1\" class=\"wp-image-1611\" srcset=\"https:\/\/i0.wp.com\/mulhervitrola.com.br\/blog\/wp-content\/uploads\/2013\/04\/theme-1.jpg?w=400&amp;ssl=1 400w, https:\/\/i0.wp.com\/mulhervitrola.com.br\/blog\/wp-content\/uploads\/2013\/04\/theme-1.jpg?resize=300%2C225&amp;ssl=1 300w, https:\/\/i0.wp.com\/mulhervitrola.com.br\/blog\/wp-content\/uploads\/2013\/04\/theme-1.jpg?resize=150%2C113&amp;ssl=1 150w\" sizes=\"(max-width: 400px) 100vw, 400px\" \/><\/figure>\n<\/div>\n\n\n<p>E teve v\u00e1rias vers\u00f5es:<\/p>\n\n\n<div class=\"wp-block-image\">\n<figure class=\"aligncenter\"><img data-recalc-dims=\"1\" loading=\"lazy\" decoding=\"async\" width=\"600\" height=\"371\" src=\"https:\/\/i0.wp.com\/mulhervitrola.com.br\/wp-content\/uploads\/2013\/04\/coisa_lay_08-1.jpg?resize=600%2C371\" alt=\"coisa_lay_08-1\" class=\"wp-image-1613\" srcset=\"https:\/\/i0.wp.com\/mulhervitrola.com.br\/blog\/wp-content\/uploads\/2013\/04\/coisa_lay_08-1.jpg?w=600&amp;ssl=1 600w, https:\/\/i0.wp.com\/mulhervitrola.com.br\/blog\/wp-content\/uploads\/2013\/04\/coisa_lay_08-1.jpg?resize=300%2C186&amp;ssl=1 300w, https:\/\/i0.wp.com\/mulhervitrola.com.br\/blog\/wp-content\/uploads\/2013\/04\/coisa_lay_08-1.jpg?resize=150%2C93&amp;ssl=1 150w\" sizes=\"(max-width: 600px) 100vw, 600px\" \/><\/figure>\n<\/div>\n\n<div class=\"wp-block-image\">\n<figure class=\"aligncenter\"><img data-recalc-dims=\"1\" loading=\"lazy\" decoding=\"async\" width=\"550\" height=\"400\" src=\"https:\/\/i0.wp.com\/mulhervitrola.com.br\/wp-content\/uploads\/2013\/04\/mulher-1.jpg?resize=550%2C400\" alt=\"mulher (1)\" class=\"wp-image-1614\" srcset=\"https:\/\/i0.wp.com\/mulhervitrola.com.br\/blog\/wp-content\/uploads\/2013\/04\/mulher-1.jpg?w=550&amp;ssl=1 550w, https:\/\/i0.wp.com\/mulhervitrola.com.br\/blog\/wp-content\/uploads\/2013\/04\/mulher-1.jpg?resize=300%2C218&amp;ssl=1 300w, https:\/\/i0.wp.com\/mulhervitrola.com.br\/blog\/wp-content\/uploads\/2013\/04\/mulher-1.jpg?resize=150%2C109&amp;ssl=1 150w\" sizes=\"(max-width: 550px) 100vw, 550px\" \/><\/figure>\n<\/div>\n\n<div class=\"wp-block-image\">\n<figure class=\"aligncenter\"><img data-recalc-dims=\"1\" loading=\"lazy\" decoding=\"async\" width=\"600\" height=\"371\" src=\"https:\/\/i0.wp.com\/mulhervitrola.com.br\/wp-content\/uploads\/2013\/04\/mulhervitroa-abril2008.png?resize=600%2C371\" alt=\"mulhervitroa-abril2008\" class=\"wp-image-1615\" srcset=\"https:\/\/i0.wp.com\/mulhervitrola.com.br\/blog\/wp-content\/uploads\/2013\/04\/mulhervitroa-abril2008.png?w=600&amp;ssl=1 600w, https:\/\/i0.wp.com\/mulhervitrola.com.br\/blog\/wp-content\/uploads\/2013\/04\/mulhervitroa-abril2008.png?resize=300%2C186&amp;ssl=1 300w, https:\/\/i0.wp.com\/mulhervitrola.com.br\/blog\/wp-content\/uploads\/2013\/04\/mulhervitroa-abril2008.png?resize=150%2C93&amp;ssl=1 150w\" sizes=\"(max-width: 600px) 100vw, 600px\" \/><\/figure>\n<\/div>\n\n\n<p>E teve uma mascote, a Vitrolinha, que tamb\u00e9m j\u00e1 teve muitas vers\u00f5es:<\/p>\n\n\n<div class=\"wp-block-image\">\n<figure class=\"aligncenter\"><img data-recalc-dims=\"1\" loading=\"lazy\" decoding=\"async\" width=\"700\" height=\"1000\" src=\"https:\/\/i0.wp.com\/mulhervitrola.com.br\/wp-content\/uploads\/2014\/12\/retrospectiva-vitrolinha.jpg?resize=700%2C1000\" alt=\"retrospectiva-vitrolinha\" class=\"wp-image-4577\" srcset=\"https:\/\/i0.wp.com\/mulhervitrola.com.br\/blog\/wp-content\/uploads\/2014\/12\/retrospectiva-vitrolinha.jpg?w=700&amp;ssl=1 700w, https:\/\/i0.wp.com\/mulhervitrola.com.br\/blog\/wp-content\/uploads\/2014\/12\/retrospectiva-vitrolinha.jpg?resize=210%2C300&amp;ssl=1 210w, https:\/\/i0.wp.com\/mulhervitrola.com.br\/blog\/wp-content\/uploads\/2014\/12\/retrospectiva-vitrolinha.jpg?resize=620%2C886&amp;ssl=1 620w, https:\/\/i0.wp.com\/mulhervitrola.com.br\/blog\/wp-content\/uploads\/2014\/12\/retrospectiva-vitrolinha.jpg?resize=105%2C150&amp;ssl=1 105w\" sizes=\"(max-width: 700px) 100vw, 700px\" \/><\/figure>\n<\/div>\n\n\n<p><\/p>\n","protected":false},"excerpt":{"rendered":"<p>Meu nome \u00e9 Renata, tenho 38 anos, sou m\u00e3e do Pedro, de 18 anos e tamb\u00e9m do Joaquim, uma crian\u00e7a que encerrou sua trajet\u00f3ria no mundo em janeiro de 2012 ao 6 meses ap\u00f3s o nascimento. Sou ilustradora, designer e escritora. Atualmente, resido em\u00a0Duque de Caxias, Baixada Fluminense do\u00a0 RJ, minha cidade natal, junto do&#8230;<a class=\"btnReadMore\" href=\"https:\/\/mulhervitrola.com.br\/blog\/sobre-a-vitrola\/\">Leia mais<i class=\"fa fa-long-arrow-right\"><\/i><\/a><\/p>\n","protected":false},"author":1,"featured_media":0,"parent":0,"menu_order":0,"comment_status":"closed","ping_status":"closed","template":"","meta":{"_uf_show_specific_survey":0,"_uf_disable_surveys":false,"jetpack_post_was_ever_published":false,"footnotes":""},"class_list":["post-985","page","type-page","status-publish","hentry"],"yoast_head":"<!-- This site is optimized with the Yoast SEO plugin v26.7 - https:\/\/yoast.com\/wordpress\/plugins\/seo\/ -->\n<title>Quem \u00e9 Vitrola? | Blog da Mulher Vitrola<\/title>\n<meta name=\"description\" content=\"Vida ilustrada por Re Vitrola, artista e escritora que bloga desde 2004.\" \/>\n<meta name=\"robots\" content=\"index, follow, max-snippet:-1, max-image-preview:large, max-video-preview:-1\" \/>\n<link rel=\"canonical\" href=\"https:\/\/mulhervitrola.com.br\/blog\/sobre-a-vitrola\/\" \/>\n<meta property=\"og:locale\" content=\"pt_BR\" \/>\n<meta property=\"og:type\" content=\"article\" \/>\n<meta property=\"og:title\" content=\"Quem \u00e9 Vitrola? | Blog da Mulher Vitrola\" \/>\n<meta property=\"og:description\" content=\"Vida ilustrada por Re Vitrola, artista e escritora que bloga desde 2004.\" \/>\n<meta property=\"og:url\" content=\"https:\/\/mulhervitrola.com.br\/blog\/sobre-a-vitrola\/\" \/>\n<meta property=\"og:site_name\" content=\"Blog da Mulher Vitrola\" \/>\n<meta property=\"article:modified_time\" content=\"2023-07-22T15:42:59+00:00\" \/>\n<meta property=\"og:image\" content=\"https:\/\/mulhervitrola.com.br\/blog\/wp-content\/uploads\/2023\/04\/Ativo-1-202x300.png\" \/>\n<meta name=\"twitter:card\" content=\"summary_large_image\" \/>\n<meta name=\"twitter:site\" content=\"@mulhervitrola\" \/>\n<meta name=\"twitter:label1\" content=\"Est. tempo de leitura\" \/>\n\t<meta name=\"twitter:data1\" content=\"4 minutos\" \/>\n<script type=\"application\/ld+json\" class=\"yoast-schema-graph\">{\"@context\":\"https:\/\/schema.org\",\"@graph\":[{\"@type\":\"WebPage\",\"@id\":\"https:\/\/mulhervitrola.com.br\/blog\/sobre-a-vitrola\/\",\"url\":\"https:\/\/mulhervitrola.com.br\/blog\/sobre-a-vitrola\/\",\"name\":\"Quem \u00e9 Vitrola? | Blog da Mulher Vitrola\",\"isPartOf\":{\"@id\":\"https:\/\/mulhervitrola.com.br\/blog\/#website\"},\"primaryImageOfPage\":{\"@id\":\"https:\/\/mulhervitrola.com.br\/blog\/sobre-a-vitrola\/#primaryimage\"},\"image\":{\"@id\":\"https:\/\/mulhervitrola.com.br\/blog\/sobre-a-vitrola\/#primaryimage\"},\"thumbnailUrl\":\"https:\/\/mulhervitrola.com.br\/blog\/wp-content\/uploads\/2023\/04\/Ativo-1-202x300.png\",\"datePublished\":\"2013-04-04T07:07:01+00:00\",\"dateModified\":\"2023-07-22T15:42:59+00:00\",\"description\":\"Vida ilustrada por Re Vitrola, artista e escritora que bloga desde 2004.\",\"breadcrumb\":{\"@id\":\"https:\/\/mulhervitrola.com.br\/blog\/sobre-a-vitrola\/#breadcrumb\"},\"inLanguage\":\"pt-BR\",\"potentialAction\":[{\"@type\":\"ReadAction\",\"target\":[\"https:\/\/mulhervitrola.com.br\/blog\/sobre-a-vitrola\/\"]}]},{\"@type\":\"ImageObject\",\"inLanguage\":\"pt-BR\",\"@id\":\"https:\/\/mulhervitrola.com.br\/blog\/sobre-a-vitrola\/#primaryimage\",\"url\":\"https:\/\/i0.wp.com\/mulhervitrola.com.br\/blog\/wp-content\/uploads\/2023\/04\/Ativo-1.png?fit=2849%2C4240&ssl=1\",\"contentUrl\":\"https:\/\/i0.wp.com\/mulhervitrola.com.br\/blog\/wp-content\/uploads\/2023\/04\/Ativo-1.png?fit=2849%2C4240&ssl=1\",\"width\":2849,\"height\":4240},{\"@type\":\"BreadcrumbList\",\"@id\":\"https:\/\/mulhervitrola.com.br\/blog\/sobre-a-vitrola\/#breadcrumb\",\"itemListElement\":[{\"@type\":\"ListItem\",\"position\":1,\"name\":\"In\u00edcio\",\"item\":\"https:\/\/mulhervitrola.com.br\/blog\/\"},{\"@type\":\"ListItem\",\"position\":2,\"name\":\"Quem \u00e9 Vitrola?\"}]},{\"@type\":\"WebSite\",\"@id\":\"https:\/\/mulhervitrola.com.br\/blog\/#website\",\"url\":\"https:\/\/mulhervitrola.com.br\/blog\/\",\"name\":\"Blog da Mulher Vitrola\",\"description\":\"por Re Montenegro\",\"publisher\":{\"@id\":\"https:\/\/mulhervitrola.com.br\/blog\/#\/schema\/person\/df88e61e635561444a7aca4ca394ed85\"},\"potentialAction\":[{\"@type\":\"SearchAction\",\"target\":{\"@type\":\"EntryPoint\",\"urlTemplate\":\"https:\/\/mulhervitrola.com.br\/blog\/?s={search_term_string}\"},\"query-input\":{\"@type\":\"PropertyValueSpecification\",\"valueRequired\":true,\"valueName\":\"search_term_string\"}}],\"inLanguage\":\"pt-BR\"},{\"@type\":[\"Person\",\"Organization\"],\"@id\":\"https:\/\/mulhervitrola.com.br\/blog\/#\/schema\/person\/df88e61e635561444a7aca4ca394ed85\",\"name\":\"mulhervitrola\",\"image\":{\"@type\":\"ImageObject\",\"inLanguage\":\"pt-BR\",\"@id\":\"https:\/\/mulhervitrola.com.br\/blog\/#\/schema\/person\/image\/\",\"url\":\"https:\/\/i0.wp.com\/mulhervitrola.com.br\/wp-content\/uploads\/2020\/05\/DSC_0200-scaled.jpg?fit=2560%2C1702&ssl=1\",\"contentUrl\":\"https:\/\/i0.wp.com\/mulhervitrola.com.br\/wp-content\/uploads\/2020\/05\/DSC_0200-scaled.jpg?fit=2560%2C1702&ssl=1\",\"width\":2560,\"height\":1702,\"caption\":\"mulhervitrola\"},\"logo\":{\"@id\":\"https:\/\/mulhervitrola.com.br\/blog\/#\/schema\/person\/image\/\"},\"sameAs\":[\"mulhervitrola\"]}]}<\/script>\n<!-- \/ Yoast SEO plugin. -->","yoast_head_json":{"title":"Quem \u00e9 Vitrola? | Blog da Mulher Vitrola","description":"Vida ilustrada por Re Vitrola, artista e escritora que bloga desde 2004.","robots":{"index":"index","follow":"follow","max-snippet":"max-snippet:-1","max-image-preview":"max-image-preview:large","max-video-preview":"max-video-preview:-1"},"canonical":"https:\/\/mulhervitrola.com.br\/blog\/sobre-a-vitrola\/","og_locale":"pt_BR","og_type":"article","og_title":"Quem \u00e9 Vitrola? | Blog da Mulher Vitrola","og_description":"Vida ilustrada por Re Vitrola, artista e escritora que bloga desde 2004.","og_url":"https:\/\/mulhervitrola.com.br\/blog\/sobre-a-vitrola\/","og_site_name":"Blog da Mulher Vitrola","article_modified_time":"2023-07-22T15:42:59+00:00","og_image":[{"url":"https:\/\/mulhervitrola.com.br\/blog\/wp-content\/uploads\/2023\/04\/Ativo-1-202x300.png","type":"","width":"","height":""}],"twitter_card":"summary_large_image","twitter_site":"@mulhervitrola","twitter_misc":{"Est. tempo de leitura":"4 minutos"},"schema":{"@context":"https:\/\/schema.org","@graph":[{"@type":"WebPage","@id":"https:\/\/mulhervitrola.com.br\/blog\/sobre-a-vitrola\/","url":"https:\/\/mulhervitrola.com.br\/blog\/sobre-a-vitrola\/","name":"Quem \u00e9 Vitrola? | Blog da Mulher Vitrola","isPartOf":{"@id":"https:\/\/mulhervitrola.com.br\/blog\/#website"},"primaryImageOfPage":{"@id":"https:\/\/mulhervitrola.com.br\/blog\/sobre-a-vitrola\/#primaryimage"},"image":{"@id":"https:\/\/mulhervitrola.com.br\/blog\/sobre-a-vitrola\/#primaryimage"},"thumbnailUrl":"https:\/\/mulhervitrola.com.br\/blog\/wp-content\/uploads\/2023\/04\/Ativo-1-202x300.png","datePublished":"2013-04-04T07:07:01+00:00","dateModified":"2023-07-22T15:42:59+00:00","description":"Vida ilustrada por Re Vitrola, artista e escritora que bloga desde 2004.","breadcrumb":{"@id":"https:\/\/mulhervitrola.com.br\/blog\/sobre-a-vitrola\/#breadcrumb"},"inLanguage":"pt-BR","potentialAction":[{"@type":"ReadAction","target":["https:\/\/mulhervitrola.com.br\/blog\/sobre-a-vitrola\/"]}]},{"@type":"ImageObject","inLanguage":"pt-BR","@id":"https:\/\/mulhervitrola.com.br\/blog\/sobre-a-vitrola\/#primaryimage","url":"https:\/\/i0.wp.com\/mulhervitrola.com.br\/blog\/wp-content\/uploads\/2023\/04\/Ativo-1.png?fit=2849%2C4240&ssl=1","contentUrl":"https:\/\/i0.wp.com\/mulhervitrola.com.br\/blog\/wp-content\/uploads\/2023\/04\/Ativo-1.png?fit=2849%2C4240&ssl=1","width":2849,"height":4240},{"@type":"BreadcrumbList","@id":"https:\/\/mulhervitrola.com.br\/blog\/sobre-a-vitrola\/#breadcrumb","itemListElement":[{"@type":"ListItem","position":1,"name":"In\u00edcio","item":"https:\/\/mulhervitrola.com.br\/blog\/"},{"@type":"ListItem","position":2,"name":"Quem \u00e9 Vitrola?"}]},{"@type":"WebSite","@id":"https:\/\/mulhervitrola.com.br\/blog\/#website","url":"https:\/\/mulhervitrola.com.br\/blog\/","name":"Blog da Mulher Vitrola","description":"por Re Montenegro","publisher":{"@id":"https:\/\/mulhervitrola.com.br\/blog\/#\/schema\/person\/df88e61e635561444a7aca4ca394ed85"},"potentialAction":[{"@type":"SearchAction","target":{"@type":"EntryPoint","urlTemplate":"https:\/\/mulhervitrola.com.br\/blog\/?s={search_term_string}"},"query-input":{"@type":"PropertyValueSpecification","valueRequired":true,"valueName":"search_term_string"}}],"inLanguage":"pt-BR"},{"@type":["Person","Organization"],"@id":"https:\/\/mulhervitrola.com.br\/blog\/#\/schema\/person\/df88e61e635561444a7aca4ca394ed85","name":"mulhervitrola","image":{"@type":"ImageObject","inLanguage":"pt-BR","@id":"https:\/\/mulhervitrola.com.br\/blog\/#\/schema\/person\/image\/","url":"https:\/\/i0.wp.com\/mulhervitrola.com.br\/wp-content\/uploads\/2020\/05\/DSC_0200-scaled.jpg?fit=2560%2C1702&ssl=1","contentUrl":"https:\/\/i0.wp.com\/mulhervitrola.com.br\/wp-content\/uploads\/2020\/05\/DSC_0200-scaled.jpg?fit=2560%2C1702&ssl=1","width":2560,"height":1702,"caption":"mulhervitrola"},"logo":{"@id":"https:\/\/mulhervitrola.com.br\/blog\/#\/schema\/person\/image\/"},"sameAs":["mulhervitrola"]}]}},"jetpack_sharing_enabled":true,"jetpack_shortlink":"https:\/\/wp.me\/P3GuHo-fT","jetpack-related-posts":[{"id":13666,"url":"https:\/\/mulhervitrola.com.br\/blog\/criando-com-empatia-livro\/","url_meta":{"origin":985,"position":0},"title":"Livro Criando com Empatia","author":"mulhervitrola","date":"15 de janeiro de 2021","format":false,"excerpt":"SAIBA MAIS SOBRE O CRIANDO COM EMPATIA Um dos projetos mais importantes da minha vida dispon\u00edvel nos maiores canais de venda do Brasil: o Livro Criando com Empatia, escrito pela Bia Lombardi e ilustrado por mim.Tenho muito orgulho deste projeto e ele foi realizado com muito carinho e dedica\u00e7\u00e3o. O\u2026","rel":"","context":"Post similar","block_context":{"text":"Post similar","link":""},"img":{"alt_text":"","src":"https:\/\/i0.wp.com\/mulhervitrola.com.br\/blog\/wp-content\/uploads\/2021\/01\/DSC_0595-2-scaled.jpg?fit=1200%2C798&ssl=1&resize=350%2C200","width":350,"height":200,"srcset":"https:\/\/i0.wp.com\/mulhervitrola.com.br\/blog\/wp-content\/uploads\/2021\/01\/DSC_0595-2-scaled.jpg?fit=1200%2C798&ssl=1&resize=350%2C200 1x, https:\/\/i0.wp.com\/mulhervitrola.com.br\/blog\/wp-content\/uploads\/2021\/01\/DSC_0595-2-scaled.jpg?fit=1200%2C798&ssl=1&resize=525%2C300 1.5x, https:\/\/i0.wp.com\/mulhervitrola.com.br\/blog\/wp-content\/uploads\/2021\/01\/DSC_0595-2-scaled.jpg?fit=1200%2C798&ssl=1&resize=700%2C400 2x, https:\/\/i0.wp.com\/mulhervitrola.com.br\/blog\/wp-content\/uploads\/2021\/01\/DSC_0595-2-scaled.jpg?fit=1200%2C798&ssl=1&resize=1050%2C600 3x"},"classes":[]},{"id":7907,"url":"https:\/\/mulhervitrola.com.br\/blog\/uso-das-ilustracoes-do-blog\/","url_meta":{"origin":985,"position":1},"title":"Uso das Ilustra\u00e7\u00f5es do blog","author":"mulhervitrola","date":"11 de maio de 2016","format":false,"excerpt":"Todas as ilustra\u00e7\u00f5es do blog foram feitas\/criadas\/ilustradas por mim (Renata Montenegro), e N\u00c3O est\u00e3o autorizadas para uso comercial (venda em lojas). \u00a0 \u00c9 permitido: compartilhar em redes sociais (com devidos cr\u00e9ditos), imprimir para uso pr\u00f3prio. N\u00e3o \u00e9 permitido: imprimir para venda, alterar\/modificar, utilizar em produtos impressos de lojas, usar como\u2026","rel":"","context":"Post similar","block_context":{"text":"Post similar","link":""},"img":{"alt_text":"","src":"","width":0,"height":0},"classes":[]},{"id":17827,"url":"https:\/\/mulhervitrola.com.br\/blog\/paginas-amarelinhas-em-construcao\/","url_meta":{"origin":985,"position":2},"title":"P\u00e1ginas Amarelinhas (em constru\u00e7\u00e3o)","author":"mulhervitrola","date":"25 de agosto de 2025","format":false,"excerpt":"Esta p\u00e1gina foi criada com intuito de divulgar servi\u00e7os dos quais j\u00e1 consumi ou que eu indico.Se o seu contato estiver aqui e desejar fazer alguma altera\u00e7\u00e3o no link, entre em contato comigo.Se deseja me indicar algum servi\u00e7o, me envie seu contato, falando um pouco de voc\u00ea e do seu\u2026","rel":"","context":"Post similar","block_context":{"text":"Post similar","link":""},"img":{"alt_text":"","src":"","width":0,"height":0},"classes":[]},{"id":17901,"url":"https:\/\/mulhervitrola.com.br\/blog\/tirinhas\/","url_meta":{"origin":985,"position":3},"title":"Tirinhas","author":"mulhervitrola","date":"19 de setembro de 2025","format":false,"excerpt":"Tirinhas publicadas entre 2015 e 2025. Para navegar, basta utilizar as setas do lado direito e esquerdo. Tem uma sugest\u00e3o ou gostaria de encomendar uma tirinha personalizada? Entre em contato atrav\u00e9s do formul\u00e1rio de contato ou atrav\u00e9s do e-mail: revitrolailustra@gmail.com","rel":"","context":"Post similar","block_context":{"text":"Post similar","link":""},"img":{"alt_text":"","src":"","width":0,"height":0},"classes":[]}],"jetpack_likes_enabled":true,"_links":{"self":[{"href":"https:\/\/mulhervitrola.com.br\/blog\/wp-json\/wp\/v2\/pages\/985","targetHints":{"allow":["GET"]}}],"collection":[{"href":"https:\/\/mulhervitrola.com.br\/blog\/wp-json\/wp\/v2\/pages"}],"about":[{"href":"https:\/\/mulhervitrola.com.br\/blog\/wp-json\/wp\/v2\/types\/page"}],"author":[{"embeddable":true,"href":"https:\/\/mulhervitrola.com.br\/blog\/wp-json\/wp\/v2\/users\/1"}],"replies":[{"embeddable":true,"href":"https:\/\/mulhervitrola.com.br\/blog\/wp-json\/wp\/v2\/comments?post=985"}],"version-history":[{"count":29,"href":"https:\/\/mulhervitrola.com.br\/blog\/wp-json\/wp\/v2\/pages\/985\/revisions"}],"predecessor-version":[{"id":16843,"href":"https:\/\/mulhervitrola.com.br\/blog\/wp-json\/wp\/v2\/pages\/985\/revisions\/16843"}],"wp:attachment":[{"href":"https:\/\/mulhervitrola.com.br\/blog\/wp-json\/wp\/v2\/media?parent=985"}],"curies":[{"name":"wp","href":"https:\/\/api.w.org\/{rel}","templated":true}]}}